{"id":79,"date":"2020-01-29T20:29:20","date_gmt":"2020-01-29T20:29:20","guid":{"rendered":"http:\/\/www.mstextil.de\/?page_id=79"},"modified":"2020-03-13T14:59:15","modified_gmt":"2020-03-13T14:59:15","slug":"berufsbekleidung","status":"publish","type":"page","link":"https:\/\/www.mstextil.de\/?page_id=79","title":{"rendered":"Berufsbekleidung"},"content":{"rendered":"<p>Berufsbekleidung f\u00fcr die K\u00fcche und f\u00fcr den Service.<\/p>\n<p>&nbsp;<\/p>\n<img decoding=\"async\" loading=\"lazy\" class=\"alignnone size-large wp-image-46\" src=\"http:\/\/www.mstextil.de\/wp-content\/uploads\/2015\/01\/a_Berufs_komplett02-1024x427.jpg\" alt=\"a_Berufs_komplett02\" width=\"640\" height=\"267\" srcset=\"https:\/\/www.mstextil.de\/wp-content\/uploads\/2015\/01\/a_Berufs_komplett02-1024x427.jpg 1024w, https:\/\/www.mstextil.de\/wp-content\/uploads\/2015\/01\/a_Berufs_komplett02-300x125.jpg 300w, https:\/\/www.mstextil.de\/wp-content\/uploads\/2015\/01\/a_Berufs_komplett02.jpg 1200w\" sizes=\"(max-width: 640px) 100vw, 640px\" \/>\n","protected":false},"excerpt":{"rendered":"<p>Berufsbekleidung f\u00fcr die K\u00fcche und f\u00fcr den Service. &nbsp;<\/p>\n","protected":false},"author":1,"featured_media":0,"parent":73,"menu_order":0,"comment_status":"closed","ping_status":"closed","template":"","meta":[],"acf":[],"_links":{"self":[{"href":"https:\/\/www.mstextil.de\/index.php?rest_route=\/wp\/v2\/pages\/79"}],"collection":[{"href":"https:\/\/www.mstextil.de\/index.php?rest_route=\/wp\/v2\/pages"}],"about":[{"href":"https:\/\/www.mstextil.de\/index.php?rest_route=\/wp\/v2\/types\/page"}],"author":[{"embeddable":true,"href":"https:\/\/www.mstextil.de\/index.php?rest_route=\/wp\/v2\/users\/1"}],"replies":[{"embeddable":true,"href":"https:\/\/www.mstextil.de\/index.php?rest_route=%2Fwp%2Fv2%2Fcomments&post=79"}],"version-history":[{"count":3,"href":"https:\/\/www.mstextil.de\/index.php?rest_route=\/wp\/v2\/pages\/79\/revisions"}],"predecessor-version":[{"id":209,"href":"https:\/\/www.mstextil.de\/index.php?rest_route=\/wp\/v2\/pages\/79\/revisions\/209"}],"up":[{"embeddable":true,"href":"https:\/\/www.mstextil.de\/index.php?rest_route=\/wp\/v2\/pages\/73"}],"wp:attachment":[{"href":"https:\/\/www.mstextil.de\/index.php?rest_route=%2Fwp%2Fv2%2Fmedia&parent=79"}],"curies":[{"name":"wp","href":"https:\/\/api.w.org\/{rel}","templated":true}]}}