{"id":83,"date":"2020-01-29T20:32:26","date_gmt":"2020-01-29T20:32:26","guid":{"rendered":"http:\/\/www.mstextil.de\/?page_id=83"},"modified":"2020-03-13T14:59:28","modified_gmt":"2020-03-13T14:59:28","slug":"bettwaesche","status":"publish","type":"page","link":"https:\/\/www.mstextil.de\/?page_id=83","title":{"rendered":"Bettw\u00e4sche"},"content":{"rendered":"<p>Bettw\u00e4sche in diversen Qualit\u00e4ten, Dessins und Farben. Einstickungen oder Einwebungen von Logos sind auf Anfrage m\u00f6glich.<\/p>\n<p>&nbsp;<\/p>\n<img decoding=\"async\" loading=\"lazy\" class=\"alignnone size-large wp-image-13\" src=\"http:\/\/www.mstextil.de\/wp-content\/uploads\/2015\/01\/image001-1024x725.jpg\" alt=\"image001\" width=\"640\" height=\"453\" srcset=\"https:\/\/www.mstextil.de\/wp-content\/uploads\/2015\/01\/image001-1024x725.jpg 1024w, https:\/\/www.mstextil.de\/wp-content\/uploads\/2015\/01\/image001-300x212.jpg 300w, https:\/\/www.mstextil.de\/wp-content\/uploads\/2015\/01\/image001.jpg 1130w\" sizes=\"(max-width: 640px) 100vw, 640px\" \/>\n","protected":false},"excerpt":{"rendered":"<p>Bettw\u00e4sche in diversen Qualit\u00e4ten, Dessins und Farben. Einstickungen oder Einwebungen von Logos sind auf Anfrage m\u00f6glich. &nbsp;<\/p>\n","protected":false},"author":1,"featured_media":0,"parent":73,"menu_order":0,"comment_status":"closed","ping_status":"closed","template":"","meta":[],"acf":[],"_links":{"self":[{"href":"https:\/\/www.mstextil.de\/index.php?rest_route=\/wp\/v2\/pages\/83"}],"collection":[{"href":"https:\/\/www.mstextil.de\/index.php?rest_route=\/wp\/v2\/pages"}],"about":[{"href":"https:\/\/www.mstextil.de\/index.php?rest_route=\/wp\/v2\/types\/page"}],"author":[{"embeddable":true,"href":"https:\/\/www.mstextil.de\/index.php?rest_route=\/wp\/v2\/users\/1"}],"replies":[{"embeddable":true,"href":"https:\/\/www.mstextil.de\/index.php?rest_route=%2Fwp%2Fv2%2Fcomments&post=83"}],"version-history":[{"count":2,"href":"https:\/\/www.mstextil.de\/index.php?rest_route=\/wp\/v2\/pages\/83\/revisions"}],"predecessor-version":[{"id":101,"href":"https:\/\/www.mstextil.de\/index.php?rest_route=\/wp\/v2\/pages\/83\/revisions\/101"}],"up":[{"embeddable":true,"href":"https:\/\/www.mstextil.de\/index.php?rest_route=\/wp\/v2\/pages\/73"}],"wp:attachment":[{"href":"https:\/\/www.mstextil.de\/index.php?rest_route=%2Fwp%2Fv2%2Fmedia&parent=83"}],"curies":[{"name":"wp","href":"https:\/\/api.w.org\/{rel}","templated":true}]}}