{"id":85,"date":"2020-01-29T20:33:52","date_gmt":"2020-01-29T20:33:52","guid":{"rendered":"http:\/\/www.mstextil.de\/?page_id=85"},"modified":"2020-03-13T14:59:32","modified_gmt":"2020-03-13T14:59:32","slug":"frottierwaesche","status":"publish","type":"page","link":"https:\/\/www.mstextil.de\/?page_id=85","title":{"rendered":"Frottierw\u00e4sche"},"content":{"rendered":"<p>Frottierw\u00e4sche in unterschiedlichen Qualit\u00e4ten und Gewichtsstufen. Wahlweise auch mit Ihrer pers\u00f6nlichen Einstickung oder Einwebung.<\/p>\n<p>&nbsp;<\/p>\n<img decoding=\"async\" loading=\"lazy\" class=\"alignnone size-large wp-image-18\" src=\"http:\/\/www.mstextil.de\/wp-content\/uploads\/2015\/01\/pic_01-1024x665.jpg\" alt=\"pic_01\" width=\"640\" height=\"416\" srcset=\"https:\/\/www.mstextil.de\/wp-content\/uploads\/2015\/01\/pic_01-1024x665.jpg 1024w, https:\/\/www.mstextil.de\/wp-content\/uploads\/2015\/01\/pic_01-300x195.jpg 300w, https:\/\/www.mstextil.de\/wp-content\/uploads\/2015\/01\/pic_01.jpg 1188w\" sizes=\"(max-width: 640px) 100vw, 640px\" \/>\n","protected":false},"excerpt":{"rendered":"<p>Frottierw\u00e4sche in unterschiedlichen Qualit\u00e4ten und Gewichtsstufen. Wahlweise auch mit Ihrer pers\u00f6nlichen Einstickung oder Einwebung. &nbsp;<\/p>\n","protected":false},"author":1,"featured_media":0,"parent":73,"menu_order":0,"comment_status":"closed","ping_status":"closed","template":"","meta":[],"acf":[],"_links":{"self":[{"href":"https:\/\/www.mstextil.de\/index.php?rest_route=\/wp\/v2\/pages\/85"}],"collection":[{"href":"https:\/\/www.mstextil.de\/index.php?rest_route=\/wp\/v2\/pages"}],"about":[{"href":"https:\/\/www.mstextil.de\/index.php?rest_route=\/wp\/v2\/types\/page"}],"author":[{"embeddable":true,"href":"https:\/\/www.mstextil.de\/index.php?rest_route=\/wp\/v2\/users\/1"}],"replies":[{"embeddable":true,"href":"https:\/\/www.mstextil.de\/index.php?rest_route=%2Fwp%2Fv2%2Fcomments&post=85"}],"version-history":[{"count":2,"href":"https:\/\/www.mstextil.de\/index.php?rest_route=\/wp\/v2\/pages\/85\/revisions"}],"predecessor-version":[{"id":102,"href":"https:\/\/www.mstextil.de\/index.php?rest_route=\/wp\/v2\/pages\/85\/revisions\/102"}],"up":[{"embeddable":true,"href":"https:\/\/www.mstextil.de\/index.php?rest_route=\/wp\/v2\/pages\/73"}],"wp:attachment":[{"href":"https:\/\/www.mstextil.de\/index.php?rest_route=%2Fwp%2Fv2%2Fmedia&parent=85"}],"curies":[{"name":"wp","href":"https:\/\/api.w.org\/{rel}","templated":true}]}}